{"id":711,"date":"2023-04-03T11:09:22","date_gmt":"2023-04-03T17:09:22","guid":{"rendered":"https:\/\/evalua.dataware-solutions.com\/?page_id=711"},"modified":"2025-02-19T13:54:48","modified_gmt":"2025-02-19T19:54:48","slug":"pbr","status":"publish","type":"page","link":"https:\/\/evalua-pbr.nl.gob.mx\/index.php\/pbr\/","title":{"rendered":"Estructura PbR NL"},"content":{"rendered":"\t\t<div data-elementor-type=\"wp-page\" data-elementor-id=\"711\" class=\"elementor elementor-711\">\n\t\t\t\t\t\t<section class=\"elementor-section elementor-top-section elementor-element elementor-element-eaf9499 elementor-section-boxed elementor-section-height-default elementor-section-height-default\" data-id=\"eaf9499\" data-element_type=\"section\">\n\t\t\t\t\t\t<div class=\"elementor-container elementor-column-gap-default\">\n\t\t\t\t\t<div class=\"elementor-column elementor-col-100 elementor-top-column elementor-element elementor-element-3f3223e\" data-id=\"3f3223e\" data-element_type=\"column\">\n\t\t\t<div class=\"elementor-widget-wrap elementor-element-populated\">\n\t\t\t\t\t\t<div class=\"elementor-element elementor-element-0bf383c elementor-widget elementor-widget-text-editor\" data-id=\"0bf383c\" data-element_type=\"widget\" data-widget_type=\"text-editor.default\">\n\t\t\t\t<div class=\"elementor-widget-container\">\n\t\t\t\t\t\t\t\t\t<p>El Presupuesto basado en Resultados (PbR) integra de forma sistem\u00e1tica los resultados y el impacto de la ejecuci\u00f3n de los Programas Presupuestarios, Actividades Institucionales Espec\u00edficas y Programas y Proyectos Estatales de Inversi\u00f3n, con el fin de entregar los mejores bienes y servicios p\u00fablicos a los Neoleoneses, as\u00ed como elevar la calidad del gasto p\u00fablico y coadyuvar a una proactiva rendici\u00f3n de cuentas y transparencia gubernamental. Para que, de esta manera, la informaci\u00f3n sobre el desempe\u00f1o de un ejercicio fiscal sirva de base para el proceso presupuestario del siguiente ejercicio, aportando mejores elementos para la toma de decisiones en la asignaci\u00f3n del presupuesto.<\/p>\t\t\t\t\t\t\t\t<\/div>\n\t\t\t\t<\/div>\n\t\t\t\t\t<\/div>\n\t\t<\/div>\n\t\t\t\t\t<\/div>\n\t\t<\/section>\n\t\t\t\t<section class=\"elementor-section elementor-top-section elementor-element elementor-element-51a3bfe elementor-section-boxed elementor-section-height-default elementor-section-height-default\" data-id=\"51a3bfe\" data-element_type=\"section\">\n\t\t\t\t\t\t<div class=\"elementor-container elementor-column-gap-default\">\n\t\t\t\t\t<div class=\"elementor-column elementor-col-100 elementor-top-column elementor-element elementor-element-def6e5d\" data-id=\"def6e5d\" data-element_type=\"column\">\n\t\t\t<div class=\"elementor-widget-wrap elementor-element-populated\">\n\t\t\t\t\t\t<div class=\"elementor-element elementor-element-3ee5d24 elementor-button-warning elementor-align-justify elementor-widget elementor-widget-button\" data-id=\"3ee5d24\" data-element_type=\"widget\" data-widget_type=\"button.default\">\n\t\t\t\t<div class=\"elementor-widget-container\">\n\t\t\t\t\t\t\t\t\t<div class=\"elementor-button-wrapper\">\n\t\t\t\t\t<a class=\"elementor-button elementor-size-xl\" role=\"button\">\n\t\t\t\t\t\t<span class=\"elementor-button-content-wrapper\">\n\t\t\t\t\t\t\t\t\t<span class=\"elementor-button-text\">El Modelo del Presupuesto basado en Resultados (PbR) es normado por los Lineamientos Generales para la operaci\u00f3n del Presupuesto basado en Resultados y el Sistema de Evaluaci\u00f3n del Desempe\u00f1o en el Gobierno del Estado de Nuevo Le\u00f3n.<\/span>\n\t\t\t\t\t<\/span>\n\t\t\t\t\t<\/a>\n\t\t\t\t<\/div>\n\t\t\t\t\t\t\t\t<\/div>\n\t\t\t\t<\/div>\n\t\t\t\t\t<\/div>\n\t\t<\/div>\n\t\t\t\t\t<\/div>\n\t\t<\/section>\n\t\t\t\t<section class=\"elementor-section elementor-top-section elementor-element elementor-element-1064c39 elementor-section-boxed elementor-section-height-default elementor-section-height-default\" data-id=\"1064c39\" data-element_type=\"section\">\n\t\t\t\t\t\t<div class=\"elementor-container elementor-column-gap-default\">\n\t\t\t\t\t<div class=\"elementor-column elementor-col-100 elementor-top-column elementor-element elementor-element-ee0effc\" data-id=\"ee0effc\" data-element_type=\"column\">\n\t\t\t<div class=\"elementor-widget-wrap elementor-element-populated\">\n\t\t\t\t\t\t<div class=\"elementor-element elementor-element-7b3e8cb elementor-widget__width-auto elementor-widget elementor-widget-shortcode\" data-id=\"7b3e8cb\" data-element_type=\"widget\" data-widget_type=\"shortcode.default\">\n\t\t\t\t<div class=\"elementor-widget-container\">\n\t\t\t\t\t<div class=\"contenedor-esquema\">\n        <img decoding=\"async\" src=\"https:\/\/evalua-pbr.nl.gob.mx\/wp-content\/plugins\/esquema\/esquema.svg\" class=\"esquema\">\n        <div class=\"texto-info texto1\">\n            El PbR Nuevo Le\u00f3n opera a trav\u00e9s de enlaces, uno por cada Ente P\u00fablico        <\/div>\n        <div class=\"texto-info texto2\">\n        Direcci\u00f3n de Presupuesto y Control Presupuestal coordina el PbR en Nuevo Le\u00f3n        <\/div>\n\n        <div class=\"texto-programas texto-programa1\">\n        Programas presupuestarios        <\/div>\n\n        <div class=\"texto-programas texto-programa2\">\n        Actividades Institucionales Espec\u00edficas        <\/div>\n\n        <div class=\"texto-programas texto-programa3\">\n        Actividades Institucionales Gen\u00e9ricas        <\/div>\n\n        <div class=\"texto-programas texto-programa4\">\n        Programas y Proyectos de Inversi\u00f3n        <\/div>\n\n        <div class=\"numero-programa numero-programa0\">\n        78        <\/div>\n\n        <div class=\"numero-programa numero-programa1\">\n        166        <\/div>\n\n        <div class=\"numero-programa numero-programa2\">\n        44        <\/div>\n\n        <div class=\"numero-programa numero-programa3\">\n        7        <\/div>\n\n        <div class=\"numero-programa numero-programa4\">\n        262        <\/div>\n\n        <div class=\"descripcion-programa descripcion-programa1\">\n        166 programas entregan 592 bienes y servicios        <\/div>\n\n        <div class=\"descripcion-programa descripcion-programa2\">\n        44 actividades generan 71 acciones de gobierno        <\/div>\n\n        <div class=\"descripcion-programa descripcion-programa1_2\">\n        41 programas entregan Subsidios y Apoyos        <\/div>\n\n        <div class=\"texto-programas texto-escudo\">\n        Alineados a objetivos del PED 2022 - 2027        <\/div>\n\n        <div class=\"numero-programa numero-objetivos-escudo\">\n        29        <\/div>\n\n        <div class=\"texto-objetivos texto-programas\">\n            Objetivos\n        <\/div>\n\n        <img decoding=\"async\" src=\"https:\/\/evalua-pbr.nl.gob.mx\/wp-content\/plugins\/esquema\/flecha2.svg\" class=\"flecha flecha-programa1\" alt=\"\">\n        <img decoding=\"async\" src=\"https:\/\/evalua-pbr.nl.gob.mx\/wp-content\/plugins\/esquema\/flecha2.svg\" class=\"flecha flecha-programa2\" alt=\"\">\n        <img decoding=\"async\" src=\"https:\/\/evalua-pbr.nl.gob.mx\/wp-content\/plugins\/esquema\/flecha2.svg\" class=\"flecha flecha-programa1_2\" alt=\"\">\n\n    <\/div>\n\t\t<div class=\"elementor-shortcode\"><\/div>\n\t\t\t\t\t\t<\/div>\n\t\t\t\t<\/div>\n\t\t\t\t\t<\/div>\n\t\t<\/div>\n\t\t\t\t\t<\/div>\n\t\t<\/section>\n\t\t\t\t<section class=\"elementor-section elementor-top-section elementor-element elementor-element-46cc779 elementor-section-boxed elementor-section-height-default elementor-section-height-default\" data-id=\"46cc779\" data-element_type=\"section\">\n\t\t\t\t\t\t<div class=\"elementor-container elementor-column-gap-default\">\n\t\t\t\t\t<div class=\"elementor-column elementor-col-100 elementor-top-column elementor-element elementor-element-eb9313f\" data-id=\"eb9313f\" data-element_type=\"column\">\n\t\t\t<div class=\"elementor-widget-wrap elementor-element-populated\">\n\t\t\t\t\t\t<div class=\"elementor-element elementor-element-193ce54 elementor-button-warning elementor-align-justify elementor-widget elementor-widget-button\" data-id=\"193ce54\" data-element_type=\"widget\" data-widget_type=\"button.default\">\n\t\t\t\t<div class=\"elementor-widget-container\">\n\t\t\t\t\t\t\t\t\t<div class=\"elementor-button-wrapper\">\n\t\t\t\t\t<a class=\"elementor-button elementor-size-xl\" role=\"button\">\n\t\t\t\t\t\t<span class=\"elementor-button-content-wrapper\">\n\t\t\t\t\t\t\t\t\t<span class=\"elementor-button-text\">Monitoreados a trav\u00e9s de 3988 indicadores de desempe\u00f1o<\/span>\n\t\t\t\t\t<\/span>\n\t\t\t\t\t<\/a>\n\t\t\t\t<\/div>\n\t\t\t\t\t\t\t\t<\/div>\n\t\t\t\t<\/div>\n\t\t\t\t\t<\/div>\n\t\t<\/div>\n\t\t\t\t\t<\/div>\n\t\t<\/section>\n\t\t\t\t<section class=\"elementor-section elementor-top-section elementor-element elementor-element-cd48c9b elementor-section-boxed elementor-section-height-default elementor-section-height-default\" data-id=\"cd48c9b\" data-element_type=\"section\">\n\t\t\t\t\t\t<div class=\"elementor-container elementor-column-gap-default\">\n\t\t\t\t\t<div class=\"elementor-column elementor-col-100 elementor-top-column elementor-element elementor-element-2d6b087\" data-id=\"2d6b087\" data-element_type=\"column\">\n\t\t\t<div class=\"elementor-widget-wrap elementor-element-populated\">\n\t\t\t\t\t\t<div class=\"elementor-element elementor-element-83de199 elementor-widget elementor-widget-text-editor\" data-id=\"83de199\" data-element_type=\"widget\" data-widget_type=\"text-editor.default\">\n\t\t\t\t<div class=\"elementor-widget-container\">\n\t\t\t\t\t\t\t\t\t<p>Fecha de actualizaci\u00f3n: 19 de febrero de 2025.<\/p>\t\t\t\t\t\t\t\t<\/div>\n\t\t\t\t<\/div>\n\t\t\t\t\t<\/div>\n\t\t<\/div>\n\t\t\t\t\t<\/div>\n\t\t<\/section>\n\t\t\t\t<\/div>\n\t\t","protected":false},"excerpt":{"rendered":"<p>El Presupuesto basado en Resultados (PbR) integra de forma sistem\u00e1tica los resultados y el impacto de la ejecuci\u00f3n de los Programas Presupuestarios, Actividades Institucionales Espec\u00edficas y Programas y Proyectos Estatales de Inversi\u00f3n, con el fin de entregar los mejores bienes y servicios p\u00fablicos a los Neoleoneses, as\u00ed como elevar la calidad del gasto p\u00fablico y [&#8230;]<\/p>\n<p><a class=\"btn btn-secondary understrap-read-more-link\" href=\"https:\/\/evalua-pbr.nl.gob.mx\/index.php\/pbr\/\">Leer m\u00e1s&#8230;<span class=\"screen-reader-text\"> from Estructura PbR NL<\/span><\/a><\/p>\n","protected":false},"author":1,"featured_media":0,"parent":0,"menu_order":0,"comment_status":"closed","ping_status":"closed","template":"","meta":{"footnotes":""},"class_list":["post-711","page","type-page","status-publish","hentry"],"_links":{"self":[{"href":"https:\/\/evalua-pbr.nl.gob.mx\/index.php\/wp-json\/wp\/v2\/pages\/711","targetHints":{"allow":["GET"]}}],"collection":[{"href":"https:\/\/evalua-pbr.nl.gob.mx\/index.php\/wp-json\/wp\/v2\/pages"}],"about":[{"href":"https:\/\/evalua-pbr.nl.gob.mx\/index.php\/wp-json\/wp\/v2\/types\/page"}],"author":[{"embeddable":true,"href":"https:\/\/evalua-pbr.nl.gob.mx\/index.php\/wp-json\/wp\/v2\/users\/1"}],"replies":[{"embeddable":true,"href":"https:\/\/evalua-pbr.nl.gob.mx\/index.php\/wp-json\/wp\/v2\/comments?post=711"}],"version-history":[{"count":21,"href":"https:\/\/evalua-pbr.nl.gob.mx\/index.php\/wp-json\/wp\/v2\/pages\/711\/revisions"}],"predecessor-version":[{"id":9261,"href":"https:\/\/evalua-pbr.nl.gob.mx\/index.php\/wp-json\/wp\/v2\/pages\/711\/revisions\/9261"}],"wp:attachment":[{"href":"https:\/\/evalua-pbr.nl.gob.mx\/index.php\/wp-json\/wp\/v2\/media?parent=711"}],"curies":[{"name":"wp","href":"https:\/\/api.w.org\/{rel}","templated":true}]}}