{"id":42,"date":"2023-03-13T21:57:30","date_gmt":"2023-03-14T03:57:30","guid":{"rendered":"https:\/\/evalua.dataware-solutions.com\/?page_id=36"},"modified":"2025-04-17T11:26:38","modified_gmt":"2025-04-17T17:26:38","slug":"ciclo-presupuestario","status":"publish","type":"page","link":"https:\/\/evalua-pbr.nl.gob.mx\/index.php\/ciclo-presupuestario\/","title":{"rendered":"Ciclo Presupuestario"},"content":{"rendered":"El ciclo presupuestario es el proceso mediante el cual se organizan la planeaci\u00f3n, el ejercicio y el control de los recursos p\u00fablicos en un determinado periodo y consta de siete etapas presupuestarias, evaluaci\u00f3n del desempe\u00f1o y padr\u00f3n de beneficiarios.\n\n<!-- \/wp:post-content -->\n\n<!-- wp:image {\"align\":\"center\",\"id\":1011,\"sizeSlug\":\"large\",\"linkDestination\":\"none\"} -->\n<figure><img fetchpriority=\"high\" decoding=\"async\" class=\"aligncenter\" src=\"https:\/\/evalua-pbr.nl.gob.mx\/wp-content\/uploads\/2025\/04\/Ciclo-Presupuestario.png\" alt=\"\" width=\"1280\" height=\"678\" \/><\/figure>\n<!-- \/wp:image -->\n\n<style>\/*! elementor - v3.23.0 - 25-07-2024 *\/<br \/>\n.elementor-widget-image{text-align:center}.elementor-widget-image a{display:inline-block}.elementor-widget-image a img[src$=\".svg\"]{width:48px}.elementor-widget-image img{vertical-align:middle;display:inline-block}<\/style>","protected":false},"excerpt":{"rendered":"<p>El ciclo presupuestario es el proceso mediante el cual se organizan la planeaci\u00f3n, el ejercicio y el control de los recursos p\u00fablicos en un determinado periodo y consta de siete etapas presupuestarias, evaluaci\u00f3n del desempe\u00f1o y padr\u00f3n de beneficiarios. [&#8230;]<\/p>\n<p><a class=\"btn btn-secondary understrap-read-more-link\" href=\"https:\/\/evalua-pbr.nl.gob.mx\/index.php\/ciclo-presupuestario\/\">Leer m\u00e1s&#8230;<span class=\"screen-reader-text\"> from Ciclo Presupuestario<\/span><\/a><\/p>\n","protected":false},"author":1,"featured_media":0,"parent":0,"menu_order":0,"comment_status":"closed","ping_status":"closed","template":"","meta":{"footnotes":""},"class_list":["post-42","page","type-page","status-publish","hentry"],"_links":{"self":[{"href":"https:\/\/evalua-pbr.nl.gob.mx\/index.php\/wp-json\/wp\/v2\/pages\/42","targetHints":{"allow":["GET"]}}],"collection":[{"href":"https:\/\/evalua-pbr.nl.gob.mx\/index.php\/wp-json\/wp\/v2\/pages"}],"about":[{"href":"https:\/\/evalua-pbr.nl.gob.mx\/index.php\/wp-json\/wp\/v2\/types\/page"}],"author":[{"embeddable":true,"href":"https:\/\/evalua-pbr.nl.gob.mx\/index.php\/wp-json\/wp\/v2\/users\/1"}],"replies":[{"embeddable":true,"href":"https:\/\/evalua-pbr.nl.gob.mx\/index.php\/wp-json\/wp\/v2\/comments?post=42"}],"version-history":[{"count":10,"href":"https:\/\/evalua-pbr.nl.gob.mx\/index.php\/wp-json\/wp\/v2\/pages\/42\/revisions"}],"predecessor-version":[{"id":10128,"href":"https:\/\/evalua-pbr.nl.gob.mx\/index.php\/wp-json\/wp\/v2\/pages\/42\/revisions\/10128"}],"wp:attachment":[{"href":"https:\/\/evalua-pbr.nl.gob.mx\/index.php\/wp-json\/wp\/v2\/media?parent=42"}],"curies":[{"name":"wp","href":"https:\/\/api.w.org\/{rel}","templated":true}]}}