{"id":1331,"date":"2023-06-12T22:04:33","date_gmt":"2023-06-12T22:04:33","guid":{"rendered":"http:\/\/evalua-pbr.nl.gob.mx\/?page_id=1331"},"modified":"2023-06-28T02:34:48","modified_gmt":"2023-06-28T02:34:48","slug":"padron","status":"publish","type":"page","link":"https:\/\/evalua-pbr.nl.gob.mx\/index.php\/padron\/","title":{"rendered":"Beneficiarios (Padr\u00f3n)"},"content":{"rendered":"\n<div class=\"wp-block-columns is-layout-flex wp-container-core-columns-is-layout-9d6595d7 wp-block-columns-is-layout-flex\">\n<div class=\"wp-block-column is-layout-flow wp-block-column-is-layout-flow\" style=\"flex-basis:66.66%\">\n<p>El Padr\u00f3n de Beneficiarios del Gobierno del Estado de Nuevo Le\u00f3n es una herramienta que contiene la informaci\u00f3n actualizada de los beneficiarios de los diferentes programas del Estado. Para consultarla utiliza los filtros din\u00e1micos por dependencia, nombre del programa, tipo de beneficiario, as\u00ed como el tipo de beneficio.<\/p>\n\n\n<div class=\"wp-block-image\">\n<figure class=\"aligncenter\"><img decoding=\"async\" width=\"300\" height=\"106\" src=\"https:\/\/evalua-pbr.nl.gob.mx\/wp-content\/uploads\/2023\/06\/logo-padron-beneficiarios-NL-300x106.png\" alt=\"\" class=\"wp-image-1343\" srcset=\"https:\/\/evalua-pbr.nl.gob.mx\/wp-content\/uploads\/2023\/06\/logo-padron-beneficiarios-NL-300x106.png 300w, https:\/\/evalua-pbr.nl.gob.mx\/wp-content\/uploads\/2023\/06\/logo-padron-beneficiarios-NL-1024x362.png 1024w, https:\/\/evalua-pbr.nl.gob.mx\/wp-content\/uploads\/2023\/06\/logo-padron-beneficiarios-NL-768x272.png 768w, https:\/\/evalua-pbr.nl.gob.mx\/wp-content\/uploads\/2023\/06\/logo-padron-beneficiarios-NL-1536x544.png 1536w, https:\/\/evalua-pbr.nl.gob.mx\/wp-content\/uploads\/2023\/06\/logo-padron-beneficiarios-NL.png 1721w\" sizes=\"(max-width: 300px) 100vw, 300px\" \/><\/figure>\n<\/div>\n\n\n<div class=\"wp-block-buttons is-content-justification-center is-layout-flex wp-container-core-buttons-is-layout-16018d1d wp-block-buttons-is-layout-flex\">\n<div class=\"wp-block-button is-style-outline is-style-outline--1\"><a class=\"wp-block-button__link wp-element-button\" href=\"http:\/\/beneficiarios.nl.gob.mx\/\" target=\"_blank\" rel=\"noreferrer noopener\">Ir al enlace<\/a><\/div>\n<\/div>\n<\/div>\n\n\n\n<div class=\"wp-block-column is-layout-flow wp-block-column-is-layout-flow\" style=\"flex-basis:33.33%\">\n<figure class=\"wp-block-image size-large is-resized\"><img fetchpriority=\"high\" decoding=\"async\" src=\"https:\/\/evalua-pbr.nl.gob.mx\/wp-content\/uploads\/2023\/06\/beneficiarios2-974x1024.jpg\" alt=\"\" class=\"wp-image-1345\" width=\"407\" height=\"449\"\/><\/figure>\n<\/div>\n<\/div>\n","protected":false},"excerpt":{"rendered":"<p>El Padr\u00f3n de Beneficiarios del Gobierno del Estado de Nuevo Le\u00f3n es una herramienta que contiene la informaci\u00f3n actualizada de los beneficiarios de los diferentes programas del Estado. Para consultarla utiliza los filtros din\u00e1micos por dependencia, nombre del programa, tipo de beneficiario, as\u00ed como el tipo de beneficio. [&#8230;]<\/p>\n<p><a class=\"btn btn-secondary understrap-read-more-link\" href=\"https:\/\/evalua-pbr.nl.gob.mx\/index.php\/padron\/\">Leer m\u00e1s&#8230;<span class=\"screen-reader-text\"> from Beneficiarios (Padr\u00f3n)<\/span><\/a><\/p>\n","protected":false},"author":1,"featured_media":0,"parent":0,"menu_order":0,"comment_status":"closed","ping_status":"closed","template":"","meta":{"footnotes":""},"class_list":["post-1331","page","type-page","status-publish","hentry"],"_links":{"self":[{"href":"https:\/\/evalua-pbr.nl.gob.mx\/index.php\/wp-json\/wp\/v2\/pages\/1331","targetHints":{"allow":["GET"]}}],"collection":[{"href":"https:\/\/evalua-pbr.nl.gob.mx\/index.php\/wp-json\/wp\/v2\/pages"}],"about":[{"href":"https:\/\/evalua-pbr.nl.gob.mx\/index.php\/wp-json\/wp\/v2\/types\/page"}],"author":[{"embeddable":true,"href":"https:\/\/evalua-pbr.nl.gob.mx\/index.php\/wp-json\/wp\/v2\/users\/1"}],"replies":[{"embeddable":true,"href":"https:\/\/evalua-pbr.nl.gob.mx\/index.php\/wp-json\/wp\/v2\/comments?post=1331"}],"version-history":[{"count":6,"href":"https:\/\/evalua-pbr.nl.gob.mx\/index.php\/wp-json\/wp\/v2\/pages\/1331\/revisions"}],"predecessor-version":[{"id":1353,"href":"https:\/\/evalua-pbr.nl.gob.mx\/index.php\/wp-json\/wp\/v2\/pages\/1331\/revisions\/1353"}],"wp:attachment":[{"href":"https:\/\/evalua-pbr.nl.gob.mx\/index.php\/wp-json\/wp\/v2\/media?parent=1331"}],"curies":[{"name":"wp","href":"https:\/\/api.w.org\/{rel}","templated":true}]}}